{"id":3370,"date":"2021-06-08T16:14:28","date_gmt":"2021-06-08T19:14:28","guid":{"rendered":"https:\/\/premix.com.br\/blog?page_id=3370"},"modified":"2023-06-14T12:07:24","modified_gmt":"2023-06-14T15:07:24","slug":"home","status":"publish","type":"page","link":"https:\/\/premix.com.br\/blog\/","title":{"rendered":"Home Blog"},"content":{"rendered":"","protected":false},"excerpt":{"rendered":"","protected":false},"author":1,"featured_media":0,"parent":0,"menu_order":0,"comment_status":"closed","ping_status":"closed","template":"page_builder.php","meta":{"footnotes":""},"class_list":["post-3370","page","type-page","status-publish","hentry","post--single"],"yoast_head":"<!-- This site is optimized with the Yoast SEO Premium plugin v27.0 (Yoast SEO v27.4) - https:\/\/yoast.com\/product\/yoast-seo-premium-wordpress\/ -->\n<title>Home Blog - Blog Premix<\/title>\n<meta name=\"description\" content=\"No NOVO BLOG PREMIX voc\u00ea encontra tudo e mais um pouco do melhor conte\u00fado da pecu\u00e1ria brasileira. A porteira do conhecimento est\u00e1 aberta!\" \/>\n<meta name=\"robots\" content=\"index, follow, max-snippet:-1, max-image-preview:large, max-video-preview:-1\" \/>\n<link rel=\"canonical\" href=\"https:\/\/premix.com.br\/blog\/\" \/>\n<meta property=\"og:locale\" content=\"pt_BR\" \/>\n<meta property=\"og:type\" content=\"article\" \/>\n<meta property=\"og:title\" content=\"Home Blog\" \/>\n<meta property=\"og:description\" content=\"No NOVO BLOG PREMIX voc\u00ea encontra tudo e mais um pouco do melhor conte\u00fado da pecu\u00e1ria brasileira. A porteira do conhecimento est\u00e1 aberta!\" \/>\n<meta property=\"og:url\" content=\"https:\/\/premix.com.br\/blog\/\" \/>\n<meta property=\"og:site_name\" content=\"Blog Premix\" \/>\n<meta property=\"article:publisher\" content=\"https:\/\/www.facebook.com\/premixoficial\" \/>\n<meta property=\"article:modified_time\" content=\"2023-06-14T15:07:24+00:00\" \/>\n<meta name=\"twitter:card\" content=\"summary_large_image\" \/>\n<script type=\"application\/ld+json\" class=\"yoast-schema-graph\">{\"@context\":\"https:\\\/\\\/schema.org\",\"@graph\":[{\"@type\":\"WebPage\",\"@id\":\"https:\\\/\\\/premix.com.br\\\/blog\\\/\",\"url\":\"https:\\\/\\\/premix.com.br\\\/blog\\\/\",\"name\":\"Home Blog - Blog Premix\",\"isPartOf\":{\"@id\":\"https:\\\/\\\/premix.com.br\\\/blog\\\/#website\"},\"datePublished\":\"2021-06-08T19:14:28+00:00\",\"dateModified\":\"2023-06-14T15:07:24+00:00\",\"description\":\"No NOVO BLOG PREMIX voc\u00ea encontra tudo e mais um pouco do melhor conte\u00fado da pecu\u00e1ria brasileira. A porteira do conhecimento est\u00e1 aberta!\",\"inLanguage\":\"pt-BR\",\"potentialAction\":[{\"@type\":\"ReadAction\",\"target\":[\"https:\\\/\\\/premix.com.br\\\/blog\\\/\"]}]},{\"@type\":\"WebSite\",\"@id\":\"https:\\\/\\\/premix.com.br\\\/blog\\\/#website\",\"url\":\"https:\\\/\\\/premix.com.br\\\/blog\\\/\",\"name\":\"Blog Premix\",\"description\":\"Nutrindo os ciclos da vida\",\"potentialAction\":[{\"@type\":\"SearchAction\",\"target\":{\"@type\":\"EntryPoint\",\"urlTemplate\":\"https:\\\/\\\/premix.com.br\\\/blog\\\/?s={search_term_string}\"},\"query-input\":{\"@type\":\"PropertyValueSpecification\",\"valueRequired\":true,\"valueName\":\"search_term_string\"}}],\"inLanguage\":\"pt-BR\"}]}<\/script>\n<!-- \/ Yoast SEO Premium plugin. -->","yoast_head_json":{"title":"Home Blog - Blog Premix","description":"No NOVO BLOG PREMIX voc\u00ea encontra tudo e mais um pouco do melhor conte\u00fado da pecu\u00e1ria brasileira. A porteira do conhecimento est\u00e1 aberta!","robots":{"index":"index","follow":"follow","max-snippet":"max-snippet:-1","max-image-preview":"max-image-preview:large","max-video-preview":"max-video-preview:-1"},"canonical":"https:\/\/premix.com.br\/blog\/","og_locale":"pt_BR","og_type":"article","og_title":"Home Blog","og_description":"No NOVO BLOG PREMIX voc\u00ea encontra tudo e mais um pouco do melhor conte\u00fado da pecu\u00e1ria brasileira. A porteira do conhecimento est\u00e1 aberta!","og_url":"https:\/\/premix.com.br\/blog\/","og_site_name":"Blog Premix","article_publisher":"https:\/\/www.facebook.com\/premixoficial","article_modified_time":"2023-06-14T15:07:24+00:00","twitter_card":"summary_large_image","schema":{"@context":"https:\/\/schema.org","@graph":[{"@type":"WebPage","@id":"https:\/\/premix.com.br\/blog\/","url":"https:\/\/premix.com.br\/blog\/","name":"Home Blog - Blog Premix","isPartOf":{"@id":"https:\/\/premix.com.br\/blog\/#website"},"datePublished":"2021-06-08T19:14:28+00:00","dateModified":"2023-06-14T15:07:24+00:00","description":"No NOVO BLOG PREMIX voc\u00ea encontra tudo e mais um pouco do melhor conte\u00fado da pecu\u00e1ria brasileira. A porteira do conhecimento est\u00e1 aberta!","inLanguage":"pt-BR","potentialAction":[{"@type":"ReadAction","target":["https:\/\/premix.com.br\/blog\/"]}]},{"@type":"WebSite","@id":"https:\/\/premix.com.br\/blog\/#website","url":"https:\/\/premix.com.br\/blog\/","name":"Blog Premix","description":"Nutrindo os ciclos da vida","potentialAction":[{"@type":"SearchAction","target":{"@type":"EntryPoint","urlTemplate":"https:\/\/premix.com.br\/blog\/?s={search_term_string}"},"query-input":{"@type":"PropertyValueSpecification","valueRequired":true,"valueName":"search_term_string"}}],"inLanguage":"pt-BR"}]}},"_links":{"self":[{"href":"https:\/\/premix.com.br\/blog\/wp-json\/wp\/v2\/pages\/3370","targetHints":{"allow":["GET"]}}],"collection":[{"href":"https:\/\/premix.com.br\/blog\/wp-json\/wp\/v2\/pages"}],"about":[{"href":"https:\/\/premix.com.br\/blog\/wp-json\/wp\/v2\/types\/page"}],"author":[{"embeddable":true,"href":"https:\/\/premix.com.br\/blog\/wp-json\/wp\/v2\/users\/1"}],"replies":[{"embeddable":true,"href":"https:\/\/premix.com.br\/blog\/wp-json\/wp\/v2\/comments?post=3370"}],"version-history":[{"count":2,"href":"https:\/\/premix.com.br\/blog\/wp-json\/wp\/v2\/pages\/3370\/revisions"}],"predecessor-version":[{"id":12042,"href":"https:\/\/premix.com.br\/blog\/wp-json\/wp\/v2\/pages\/3370\/revisions\/12042"}],"wp:attachment":[{"href":"https:\/\/premix.com.br\/blog\/wp-json\/wp\/v2\/media?parent=3370"}],"curies":[{"name":"wp","href":"https:\/\/api.w.org\/{rel}","templated":true}]}}